{"id":263,"date":"2021-01-29T19:07:19","date_gmt":"2021-01-29T19:07:19","guid":{"rendered":"https:\/\/5066702284bff58ac48bf508912c4181\/?page_id=263"},"modified":"2024-10-10T20:01:17","modified_gmt":"2024-10-10T20:01:17","slug":"accueil","status":"publish","type":"page","link":"https:\/\/www.lagrandealliance.quebec\/fr\/","title":{"rendered":"Accueil"},"content":{"rendered":"\n<div class=\"-grey-bg highlight-section _small-padding\" tabindex=\"0\">\n    <div class=\"ctn-main\">\n        \n\n<p class=\"has-text-align-center\">Le mandat de La Grande Alliance s\u2019est termin\u00e9 le 31 mars 2024. Les rapports finaux sont disponibles <a href=\"\/fr\/feasibility\" title=\"\">ici<\/a>.<\/p>\n\n\n    <\/div>\n<\/div>\n\n\n<div class=\"banner-section\" style=\"background-image: url(https:\/\/www.lagrandealliance.quebec\/wp-content\/uploads\/2022\/10\/home-banner-min_compressed.jpg)\" tabindex=\"0\">\n    <div class=\"ctn-main\">\n        <div class=\"banner-inner\">\n                            <h1><img decoding=\"async\" class=\"alignnone size-full wp-image-324\" src=\"\/wp-content\/uploads\/2021\/01\/big-logo.svg\" alt=\"La Grande Alliance\" \/><\/h1>\n                                        <div class=\"bottom-text\">\n                    CONNECTER. D\u00c9VELOPPER. PROT\u00c9GER.                 <\/div>\n                    <\/div>\n    <\/div>\n<\/div>\n\n\n<div class=\"-green-bg highlight-section\" tabindex=\"0\">\n    <div class=\"ctn-main\">\n        \n\n<p class=\"has-text-align-center\">La Grande Alliance est un protocole d\u2019entente, sign\u00e9 en f\u00e9vrier 2020 pour accro\u00eetre la collaboration entre la Nation Crie et le gouvernement qu\u00e9b\u00e9cois pour connecter, d\u00e9velopper et prot\u00e9ger le territoire.<\/p>\n\n\n    <\/div>\n<\/div>\n\n\n<div class=\"wp-block-cover\"><span aria-hidden=\"true\" class=\"wp-block-cover__background has-white-background-color has-background-dim-0 has-background-dim\"><\/span><img loading=\"lazy\" decoding=\"async\" width=\"2560\" height=\"660\" class=\"wp-block-cover__image-background wp-image-310\" alt=\"\" src=\"\/wp-content\/uploads\/2021\/01\/contact-banner-min.jpg\" data-object-fit=\"cover\" srcset=\"https:\/\/www.lagrandealliance.quebec\/wp-content\/uploads\/2021\/01\/contact-banner-min.jpg 2560w, https:\/\/www.lagrandealliance.quebec\/wp-content\/uploads\/2021\/01\/contact-banner-min-300x77.jpg 300w, https:\/\/www.lagrandealliance.quebec\/wp-content\/uploads\/2021\/01\/contact-banner-min-1024x264.jpg 1024w, https:\/\/www.lagrandealliance.quebec\/wp-content\/uploads\/2021\/01\/contact-banner-min-768x198.jpg 768w, https:\/\/www.lagrandealliance.quebec\/wp-content\/uploads\/2021\/01\/contact-banner-min-1536x396.jpg 1536w, https:\/\/www.lagrandealliance.quebec\/wp-content\/uploads\/2021\/01\/contact-banner-min-2048x528.jpg 2048w, https:\/\/www.lagrandealliance.quebec\/wp-content\/uploads\/2021\/01\/contact-banner-min-900x232.jpg 900w, https:\/\/www.lagrandealliance.quebec\/wp-content\/uploads\/2021\/01\/contact-banner-min-1600x413.jpg 1600w\" sizes=\"auto, (max-width: 2560px) 100vw, 2560px\" \/><div class=\"wp-block-cover__inner-container is-layout-flow wp-block-cover-is-layout-flow\">\n<div class=\"wp-block-group ctn-main\"><div class=\"wp-block-group__inner-container is-layout-flow wp-block-group-is-layout-flow\">\n<div style=\"height:80px\" aria-hidden=\"true\" class=\"wp-block-spacer\"><\/div>\n\n\n\n<figure class=\"wp-block-embed is-type-rich is-provider-embed-handler wp-block-embed-embed-handler wp-embed-aspect-16-9 wp-has-aspect-ratio\"><div class=\"wp-block-embed__wrapper\">\n<iframe loading=\"lazy\" title=\"Qu&#039;est-ce que La Grande Alliance?\" width=\"640\" height=\"360\" src=\"https:\/\/www.youtube.com\/embed\/_rx9TpmZ5pA?feature=oembed\" frameborder=\"0\" allow=\"accelerometer; autoplay; clipboard-write; encrypted-media; gyroscope; picture-in-picture; web-share\" referrerpolicy=\"strict-origin-when-cross-origin\" allowfullscreen><\/iframe>\n<\/div><\/figure>\n\n\n\n<p class=\"has-text-align-center has-white-color has-text-color\"><a href=\"https:\/\/www.youtube.com\/watch?v=ZXsIcidc1VM\" target=\"_blank\" rel=\"noreferrer noopener\">Cliquez ici pour voir la vid\u00e9o en Cri<\/a><\/p>\n\n\n\n<div style=\"height:45px\" aria-hidden=\"true\" class=\"wp-block-spacer\"><\/div>\n<\/div><\/div>\n<\/div><\/div>\n","protected":false},"excerpt":{"rendered":"","protected":false},"author":1,"featured_media":0,"parent":0,"menu_order":0,"comment_status":"closed","ping_status":"closed","template":"","meta":{"_acf_changed":false,"footnotes":""},"class_list":["post-263","page","type-page","status-publish","hentry"],"acf":[],"aioseo_notices":[],"_links":{"self":[{"href":"https:\/\/www.lagrandealliance.quebec\/fr\/wp-json\/wp\/v2\/pages\/263","targetHints":{"allow":["GET"]}}],"collection":[{"href":"https:\/\/www.lagrandealliance.quebec\/fr\/wp-json\/wp\/v2\/pages"}],"about":[{"href":"https:\/\/www.lagrandealliance.quebec\/fr\/wp-json\/wp\/v2\/types\/page"}],"author":[{"embeddable":true,"href":"https:\/\/www.lagrandealliance.quebec\/fr\/wp-json\/wp\/v2\/users\/1"}],"replies":[{"embeddable":true,"href":"https:\/\/www.lagrandealliance.quebec\/fr\/wp-json\/wp\/v2\/comments?post=263"}],"version-history":[{"count":0,"href":"https:\/\/www.lagrandealliance.quebec\/fr\/wp-json\/wp\/v2\/pages\/263\/revisions"}],"wp:attachment":[{"href":"https:\/\/www.lagrandealliance.quebec\/fr\/wp-json\/wp\/v2\/media?parent=263"}],"curies":[{"name":"wp","href":"https:\/\/api.w.org\/{rel}","templated":true}]}}