{"id":265,"date":"2021-01-29T19:09:03","date_gmt":"2021-01-29T19:09:03","guid":{"rendered":"https:\/\/5066702284bff58ac48bf508912c4181\/?page_id=265"},"modified":"2023-11-07T17:00:29","modified_gmt":"2023-11-07T17:00:29","slug":"actualite","status":"publish","type":"page","link":"https:\/\/www.lagrandealliance.quebec\/fr\/actualite\/","title":{"rendered":"Nouvelles"},"content":{"rendered":"\n<div class=\"banner-section\" style=\"background-image: url(https:\/\/www.lagrandealliance.quebec\/wp-content\/uploads\/2021\/01\/news-banner-min.jpg)\" tabindex=\"0\">\n    <div class=\"ctn-main\">\n        <div class=\"banner-inner\">\n                            <h1 style=\"text-align: center;\">NOUVELLES ET DOCUMENTATION<\/h1>\n                                <\/div>\n    <\/div>\n<\/div>\n\n\n<div class=\"-green-bg highlight-section _small-padding\" tabindex=\"0\">\n    <div class=\"ctn-main\">\n        \n\n<p class=\"has-text-align-center\">Mises \u00e0 jour de La Grande Alliance<\/p>\n\n\n    <\/div>\n<\/div>\n\n\n    <div class=\"news-section\" data-signup=\"\">\n        <div class=\"ctn-main\">\n            <div class=\"filter-ctn\">\n                <div class=\"facetwp-facet facetwp-facet-post_categories facetwp-type-radio\" data-name=\"post_categories\" data-type=\"radio\"><\/div>            <\/div>\n\n            <div class=\"post_listing\">\n                <div class=\"facetwp-template\" data-name=\"post_listing\"><div class=\"post-ctn js_active\" data-cat=\"all\">\n      \n<article id=\"post-3695\" class=\"post-item post-3695 post type-post status-publish format-standard has-post-thumbnail hentry category-alignements-proposes\">\n            <div class=\"post-item__img-ctn\">\n            <img loading=\"lazy\" decoding=\"async\" width=\"900\" height=\"414\" src=\"https:\/\/www.lagrandealliance.quebec\/wp-content\/uploads\/2022\/06\/logo_thumb-900x414.png\" class=\"attachment-news-block size-news-block wp-post-image\" alt=\"La Grande Alliance\" srcset=\"https:\/\/www.lagrandealliance.quebec\/wp-content\/uploads\/2022\/06\/logo_thumb-900x414.png 900w, https:\/\/www.lagrandealliance.quebec\/wp-content\/uploads\/2022\/06\/logo_thumb-300x138.png 300w, https:\/\/www.lagrandealliance.quebec\/wp-content\/uploads\/2022\/06\/logo_thumb-1024x471.png 1024w, https:\/\/www.lagrandealliance.quebec\/wp-content\/uploads\/2022\/06\/logo_thumb-768x354.png 768w, https:\/\/www.lagrandealliance.quebec\/wp-content\/uploads\/2022\/06\/logo_thumb.png 1364w\" sizes=\"auto, (max-width: 900px) 100vw, 900px\" \/>        <\/div>\n            <div class=\"post-item__date-ctn\">\n        <span>7 novembre 2023<\/span>\n        <span class=\"cat-type\">Alignements propos\u00e9s<\/span>    <\/div>\n                    <div class=\"post-item__desc-ctn\">\n            <p>Proposed Whapmagoostui Road fr<\/p>\n        <\/div>\n                <div class=\"post-item__button-ctn\">\n            <a aria-label=\"Voir la carte news_legacy.phpProposed Whapmagoostui Road FR\" target=\"_blank\" href=\"https:\/\/www.lagrandealliance.quebec\/wp-content\/uploads\/2023\/11\/Proposed-Whapmagoostui-Road.pdf\">Voir la carte<\/a>\n        <\/div>\n    <\/article>\n      \n<article id=\"post-3234\" class=\"post-item post-3234 post type-post status-publish format-standard has-post-thumbnail hentry category-documents-de-reference\">\n            <div class=\"post-item__img-ctn\">\n            <img loading=\"lazy\" decoding=\"async\" width=\"900\" height=\"414\" src=\"https:\/\/www.lagrandealliance.quebec\/wp-content\/uploads\/2022\/06\/logo_thumb-900x414.png\" class=\"attachment-news-block size-news-block wp-post-image\" alt=\"La Grande Alliance\" srcset=\"https:\/\/www.lagrandealliance.quebec\/wp-content\/uploads\/2022\/06\/logo_thumb-900x414.png 900w, https:\/\/www.lagrandealliance.quebec\/wp-content\/uploads\/2022\/06\/logo_thumb-300x138.png 300w, https:\/\/www.lagrandealliance.quebec\/wp-content\/uploads\/2022\/06\/logo_thumb-1024x471.png 1024w, https:\/\/www.lagrandealliance.quebec\/wp-content\/uploads\/2022\/06\/logo_thumb-768x354.png 768w, https:\/\/www.lagrandealliance.quebec\/wp-content\/uploads\/2022\/06\/logo_thumb.png 1364w\" sizes=\"auto, (max-width: 900px) 100vw, 900px\" \/>        <\/div>\n            <div class=\"post-item__date-ctn\">\n        <span>30 octobre 2022<\/span>\n        <span class=\"cat-type\">Documents de r\u00e9f\u00e9rence<\/span>    <\/div>\n                    <div class=\"post-item__desc-ctn\">\n            <p>\u00c9tude de faisabilit\u00e9 \u2013 Rapport provisoire<\/p>\n        <\/div>\n                <div class=\"post-item__button-ctn\">\n            <a aria-label=\"Lire l'article news_legacy.php\u00c9tude de faisabilit\u00e9 \u2013 Rapport provisoire\ufffc\" target=\"_blank\" href=\"https:\/\/www.lagrandealliance.quebec\/wp-content\/uploads\/2022\/11\/LGA-Rapport-provisoire.pdf\">Lire l\u2019article complet<\/a>\n        <\/div>\n    <\/article>\n      \n<article id=\"post-2647\" class=\"post-item post-2647 post type-post status-publish format-standard has-post-thumbnail hentry category-documents-de-reference\">\n            <div class=\"post-item__img-ctn\">\n            <img loading=\"lazy\" decoding=\"async\" width=\"900\" height=\"414\" src=\"https:\/\/www.lagrandealliance.quebec\/wp-content\/uploads\/2022\/06\/logo_thumb-900x414.png\" class=\"attachment-news-block size-news-block wp-post-image\" alt=\"La Grande Alliance\" srcset=\"https:\/\/www.lagrandealliance.quebec\/wp-content\/uploads\/2022\/06\/logo_thumb-900x414.png 900w, https:\/\/www.lagrandealliance.quebec\/wp-content\/uploads\/2022\/06\/logo_thumb-300x138.png 300w, https:\/\/www.lagrandealliance.quebec\/wp-content\/uploads\/2022\/06\/logo_thumb-1024x471.png 1024w, https:\/\/www.lagrandealliance.quebec\/wp-content\/uploads\/2022\/06\/logo_thumb-768x354.png 768w, https:\/\/www.lagrandealliance.quebec\/wp-content\/uploads\/2022\/06\/logo_thumb.png 1364w\" sizes=\"auto, (max-width: 900px) 100vw, 900px\" \/>        <\/div>\n            <div class=\"post-item__date-ctn\">\n        <span>1 juin 2022<\/span>\n        <span class=\"cat-type\">Documents de r\u00e9f\u00e9rence<\/span>    <\/div>\n                    <div class=\"post-item__desc-ctn\">\n            <p>Qu\u2019est-ce que la Phase 1 de l\u2019\u00c9tude de La Grande Alliance?<\/p>\n        <\/div>\n                <div class=\"post-item__button-ctn\">\n            <a aria-label=\"Lire l'article news_legacy.phpQu\u2019est-ce que la Phase 1 de l\u2019\u00c9tude de La Grande Alliance?\" target=\"_blank\" href=\"https:\/\/www.lagrandealliance.quebec\/wp-content\/uploads\/2022\/06\/LGA-1_Poster_Template_Francais_20220504.pdf\">Lire l\u2019article complet<\/a>\n        <\/div>\n    <\/article>\n      \n<article id=\"post-2634\" class=\"post-item post-2634 post type-post status-publish format-standard has-post-thumbnail hentry category-documents-de-reference\">\n            <div class=\"post-item__img-ctn\">\n            <img loading=\"lazy\" decoding=\"async\" width=\"900\" height=\"414\" src=\"https:\/\/www.lagrandealliance.quebec\/wp-content\/uploads\/2022\/06\/logo_thumb-900x414.png\" class=\"attachment-news-block size-news-block wp-post-image\" alt=\"La Grande Alliance\" srcset=\"https:\/\/www.lagrandealliance.quebec\/wp-content\/uploads\/2022\/06\/logo_thumb-900x414.png 900w, https:\/\/www.lagrandealliance.quebec\/wp-content\/uploads\/2022\/06\/logo_thumb-300x138.png 300w, https:\/\/www.lagrandealliance.quebec\/wp-content\/uploads\/2022\/06\/logo_thumb-1024x471.png 1024w, https:\/\/www.lagrandealliance.quebec\/wp-content\/uploads\/2022\/06\/logo_thumb-768x354.png 768w, https:\/\/www.lagrandealliance.quebec\/wp-content\/uploads\/2022\/06\/logo_thumb.png 1364w\" sizes=\"auto, (max-width: 900px) 100vw, 900px\" \/>        <\/div>\n            <div class=\"post-item__date-ctn\">\n        <span>1 juin 2022<\/span>\n        <span class=\"cat-type\">Documents de r\u00e9f\u00e9rence<\/span>    <\/div>\n                    <div class=\"post-item__desc-ctn\">\n            <p>Les Aires Prot\u00e9g\u00e9es et La Grande Alliance<\/p>\n        <\/div>\n                <div class=\"post-item__button-ctn\">\n            <a aria-label=\"Lire l'article news_legacy.phpLes Aires Prot\u00e9g\u00e9es et La Grande Alliance\" target=\"_blank\" href=\"https:\/\/www.lagrandealliance.quebec\/wp-content\/uploads\/2022\/06\/LGA_Study-Brief-3_FR.pdf\">Lire l\u2019article complet<\/a>\n        <\/div>\n    <\/article>\n      \n<article id=\"post-2624\" class=\"post-item post-2624 post type-post status-publish format-standard has-post-thumbnail hentry category-documents-de-reference\">\n            <div class=\"post-item__img-ctn\">\n            <img loading=\"lazy\" decoding=\"async\" width=\"900\" height=\"414\" src=\"https:\/\/www.lagrandealliance.quebec\/wp-content\/uploads\/2022\/06\/logo_thumb-900x414.png\" class=\"attachment-news-block size-news-block wp-post-image\" alt=\"La Grande Alliance\" srcset=\"https:\/\/www.lagrandealliance.quebec\/wp-content\/uploads\/2022\/06\/logo_thumb-900x414.png 900w, https:\/\/www.lagrandealliance.quebec\/wp-content\/uploads\/2022\/06\/logo_thumb-300x138.png 300w, https:\/\/www.lagrandealliance.quebec\/wp-content\/uploads\/2022\/06\/logo_thumb-1024x471.png 1024w, https:\/\/www.lagrandealliance.quebec\/wp-content\/uploads\/2022\/06\/logo_thumb-768x354.png 768w, https:\/\/www.lagrandealliance.quebec\/wp-content\/uploads\/2022\/06\/logo_thumb.png 1364w\" sizes=\"auto, (max-width: 900px) 100vw, 900px\" \/>        <\/div>\n            <div class=\"post-item__date-ctn\">\n        <span>1 juin 2022<\/span>\n        <span class=\"cat-type\">Documents de r\u00e9f\u00e9rence<\/span>    <\/div>\n                    <div class=\"post-item__desc-ctn\">\n            <p>L\u2019\u00c9tude de Faisabilit\u00e9<\/p>\n        <\/div>\n                <div class=\"post-item__button-ctn\">\n            <a aria-label=\"Lire l'article news_legacy.phpL\u2019\u00c9tude de Faisabilit\u00e9\" target=\"_blank\" href=\"https:\/\/www.lagrandealliance.quebec\/wp-content\/uploads\/2022\/06\/LGA_Study-Brief-1_FR.pdf\">Lire l\u2019article complet<\/a>\n        <\/div>\n    <\/article>\n      \n<article id=\"post-1664\" class=\"post-item post-1664 post type-post status-publish format-standard has-post-thumbnail hentry category-communiques\">\n            <div class=\"post-item__img-ctn\">\n            <img loading=\"lazy\" decoding=\"async\" width=\"900\" height=\"506\" src=\"https:\/\/www.lagrandealliance.quebec\/wp-content\/uploads\/2021\/06\/wsp_logo-900x506.jpg\" class=\"attachment-news-block size-news-block wp-post-image\" alt=\"WSP Logo\" srcset=\"https:\/\/www.lagrandealliance.quebec\/wp-content\/uploads\/2021\/06\/wsp_logo-900x506.jpg 900w, https:\/\/www.lagrandealliance.quebec\/wp-content\/uploads\/2021\/06\/wsp_logo-300x169.jpg 300w, https:\/\/www.lagrandealliance.quebec\/wp-content\/uploads\/2021\/06\/wsp_logo-1024x576.jpg 1024w, https:\/\/www.lagrandealliance.quebec\/wp-content\/uploads\/2021\/06\/wsp_logo-768x432.jpg 768w, https:\/\/www.lagrandealliance.quebec\/wp-content\/uploads\/2021\/06\/wsp_logo.jpg 1365w\" sizes=\"auto, (max-width: 900px) 100vw, 900px\" \/>        <\/div>\n            <div class=\"post-item__date-ctn\">\n        <span>22 juin 2021<\/span>\n        <span class=\"cat-type\">Communiqu\u00e9s<\/span>    <\/div>\n                    <div class=\"post-item__desc-ctn\">\n            <p>NEMASKA, LE 11 JUIN 2021 \u2013 La Soci\u00e9t\u00e9 de d\u00e9veloppement crie (SDC) est fi\u00e8re d\u2019annoncer la conclusion de l\u2019appel de propositions pour l\u2019\u00e9tude de pr\u00e9faisabilit\u00e9 des phases II\/III du Protocole d\u2019entente sur le Programme Cris-Qu\u00e9bec de D\u00e9veloppement durable d\u2019infrastructures dans la r\u00e9gion d\u2019Eeyou Istchee Baie-James.<\/p>\n        <\/div>\n                <div class=\"post-item__button-ctn\">\n            <a aria-label=\"Lire l'article news_legacy.phpLa Soci\u00e9t\u00e9 de d\u00e9veloppement crie annonce la conclusion de l\u2019appel de propositions pour l\u2019\u00e9tude de pr\u00e9faisabilit\u00e9 des phases II\/III du programme d\u2019infrastructure de La Grande Alliance\" target=\"\" href=\"https:\/\/www.lagrandealliance.quebec\/fr\/la-societe-de-developpement-crie-annonce-la-conclusion-de-lappel-de-propositions-pour-letude-de-prefaisabilite-des-phases-ii-iii-du-programme-dinfrastructure-de-la-grande-al\/\">Lire l\u2019article complet<\/a>\n        <\/div>\n    <\/article>\n      \n<article id=\"post-1630\" class=\"post-item post-1630 post type-post status-publish format-standard has-post-thumbnail hentry category-articles-mediatiques\">\n            <div class=\"post-item__img-ctn\">\n            <img loading=\"lazy\" decoding=\"async\" width=\"900\" height=\"386\" src=\"https:\/\/www.lagrandealliance.quebec\/wp-content\/uploads\/2020\/10\/cropped-SI-JA-noir.jpg\" class=\"attachment-news-block size-news-block wp-post-image\" alt=\"La Sentinelle Le Jam\u00e9sien\" srcset=\"https:\/\/www.lagrandealliance.quebec\/wp-content\/uploads\/2020\/10\/cropped-SI-JA-noir.jpg 900w, https:\/\/www.lagrandealliance.quebec\/wp-content\/uploads\/2020\/10\/cropped-SI-JA-noir-300x129.jpg 300w, https:\/\/www.lagrandealliance.quebec\/wp-content\/uploads\/2020\/10\/cropped-SI-JA-noir-768x329.jpg 768w\" sizes=\"auto, (max-width: 900px) 100vw, 900px\" \/>        <\/div>\n            <div class=\"post-item__date-ctn\">\n        <span>14 mai 2021<\/span>\n        <span class=\"cat-type\">Articles m\u00e9diatiques<\/span>    <\/div>\n                    <div class=\"post-item__desc-ctn\">\n            <p>La Soci\u00e9t\u00e9 de d\u00e9veloppement crie a choisi un nouveau consortium form\u00e9 de Stantec, Systra Canada et Desfor pour r\u00e9aliser l\u2019\u00e9tude de faisabilit\u00e9 du programme d\u2019infrastructures de la phase 1 de la Grande Alliance.<\/p>\n        <\/div>\n                <div class=\"post-item__button-ctn\">\n            <a aria-label=\"Lire l'article news_legacy.phpUn nouveau consortium pour la Grande Alliance\" target=\"_blank\" href=\"https:\/\/www.lasentinelle.ca\/un-nouveau-consortium-pour-la-grande-alliance\/\">Lire l\u2019article complet<\/a>\n        <\/div>\n    <\/article>\n      \n<article id=\"post-953\" class=\"post-item post-953 post type-post status-publish format-standard has-post-thumbnail hentry category-communiques\">\n            <div class=\"post-item__img-ctn\">\n            <img loading=\"lazy\" decoding=\"async\" width=\"900\" height=\"387\" src=\"https:\/\/www.lagrandealliance.quebec\/wp-content\/uploads\/2021\/04\/Consortium-Grande-Alliance-1.png\" class=\"attachment-news-block size-news-block wp-post-image\" alt=\"Consortium Grande Alliance\" srcset=\"https:\/\/www.lagrandealliance.quebec\/wp-content\/uploads\/2021\/04\/Consortium-Grande-Alliance-1.png 901w, https:\/\/www.lagrandealliance.quebec\/wp-content\/uploads\/2021\/04\/Consortium-Grande-Alliance-1-300x129.png 300w, https:\/\/www.lagrandealliance.quebec\/wp-content\/uploads\/2021\/04\/Consortium-Grande-Alliance-1-768x330.png 768w\" sizes=\"auto, (max-width: 900px) 100vw, 900px\" \/>        <\/div>\n            <div class=\"post-item__date-ctn\">\n        <span>16 avril 2021<\/span>\n        <span class=\"cat-type\">Communiqu\u00e9s<\/span>    <\/div>\n                    <div class=\"post-item__desc-ctn\">\n            <p>La Soci\u00e9t\u00e9 de d\u00e9veloppement Crie choisit le consortium Vision Eeyou Istchee pour mener l\u2019\u00e9tude de faisabilit\u00e9 de la Phase 1 du programme d\u2019infrastructures de La Grande Alliance.<\/p>\n        <\/div>\n                <div class=\"post-item__button-ctn\">\n            <a aria-label=\"Lire l'article news_legacy.phpLa Soci\u00e9t\u00e9 de d\u00e9veloppement Crie choisit le consortium Vision Eeyou Istchee pour mener l\u2019\u00e9tude de faisabilit\u00e9 de la Phase 1 du programme d\u2019infrastructures de La Grande Alliance.\" target=\"\" href=\"https:\/\/www.lagrandealliance.quebec\/fr\/la-societe-de-developpement-crie-choisit-le-consortium-vision-eeyou-istchee-pour-mener-letude-de-faisabilite-de-la-phase-1-du-programme-dinfrastructures-de-la-grande-alliance\/\">Lire l\u2019article complet<\/a>\n        <\/div>\n    <\/article>\n      \n<article id=\"post-933\" class=\"post-item post-933 post type-post status-publish format-standard has-post-thumbnail hentry category-documents-de-reference\">\n            <div class=\"post-item__img-ctn\">\n            <img loading=\"lazy\" decoding=\"async\" width=\"900\" height=\"387\" src=\"https:\/\/www.lagrandealliance.quebec\/wp-content\/uploads\/2021\/04\/sunset-s.jpg\" class=\"attachment-news-block size-news-block wp-post-image\" alt=\"Sunset\" srcset=\"https:\/\/www.lagrandealliance.quebec\/wp-content\/uploads\/2021\/04\/sunset-s.jpg 901w, https:\/\/www.lagrandealliance.quebec\/wp-content\/uploads\/2021\/04\/sunset-s-300x129.jpg 300w, https:\/\/www.lagrandealliance.quebec\/wp-content\/uploads\/2021\/04\/sunset-s-768x330.jpg 768w\" sizes=\"auto, (max-width: 900px) 100vw, 900px\" \/>        <\/div>\n            <div class=\"post-item__date-ctn\">\n        <span>8 avril 2021<\/span>\n        <span class=\"cat-type\">Documents de r\u00e9f\u00e9rence<\/span>    <\/div>\n                    <div class=\"post-item__desc-ctn\">\n            <p>Gouvernement de la nation Crie : Strat\u00e9gie Crie de conservation r\u00e9gionale<\/p>\n        <\/div>\n                <div class=\"post-item__button-ctn\">\n            <a aria-label=\"Lire l'article news_legacy.phpGouvernement de la nation Crie : Strat\u00e9gie Crie de conservation r\u00e9gionale\" target=\"_blank\" href=\"https:\/\/www.lagrandealliance.quebec\/wp-content\/uploads\/2021\/04\/cree-regional-conservation-strategy-f.pdf\">Lire l\u2019article complet<\/a>\n        <\/div>\n    <\/article>\n      \n<article id=\"post-919\" class=\"post-item post-919 post type-post status-publish format-standard has-post-thumbnail hentry category-documents-de-reference\">\n            <div class=\"post-item__img-ctn\">\n            <img loading=\"lazy\" decoding=\"async\" width=\"900\" height=\"386\" src=\"https:\/\/www.lagrandealliance.quebec\/wp-content\/uploads\/2021\/02\/French_Tag-900x386.jpg\" class=\"attachment-news-block size-news-block wp-post-image\" alt=\"Soci\u00e9t\u00e9 de d\u00e9vloppement Crie\" srcset=\"https:\/\/www.lagrandealliance.quebec\/wp-content\/uploads\/2021\/02\/French_Tag-900x386.jpg 900w, https:\/\/www.lagrandealliance.quebec\/wp-content\/uploads\/2021\/02\/French_Tag-300x129.jpg 300w, https:\/\/www.lagrandealliance.quebec\/wp-content\/uploads\/2021\/02\/French_Tag-1024x439.jpg 1024w, https:\/\/www.lagrandealliance.quebec\/wp-content\/uploads\/2021\/02\/French_Tag-768x329.jpg 768w, https:\/\/www.lagrandealliance.quebec\/wp-content\/uploads\/2021\/02\/French_Tag-1536x659.jpg 1536w, https:\/\/www.lagrandealliance.quebec\/wp-content\/uploads\/2021\/02\/French_Tag-2048x879.jpg 2048w, https:\/\/www.lagrandealliance.quebec\/wp-content\/uploads\/2021\/02\/French_Tag-1600x686.jpg 1600w\" sizes=\"auto, (max-width: 900px) 100vw, 900px\" \/>        <\/div>\n            <div class=\"post-item__date-ctn\">\n        <span>29 mars 2021<\/span>\n        <span class=\"cat-type\">Documents de r\u00e9f\u00e9rence<\/span>    <\/div>\n                    <div class=\"post-item__desc-ctn\">\n            <p>Appel de propositions pour l\u2019\u00e9tude de pr\u00e9faisabilit\u00e9 des phases 2 et 3 de La Grande Alliance<\/p>\n        <\/div>\n                <div class=\"post-item__button-ctn\">\n            <a aria-label=\"Lire l'article news_legacy.phpAppel de propositions pour l\u2019\u00e9tude de pr\u00e9faisabilit\u00e9 des phases 2 et 3 de La Grande Alliance\" target=\"_blank\" href=\"https:\/\/www.lagrandealliance.quebec\/wp-content\/uploads\/2021\/03\/E\u0301tude-pre\u0301-faisabilite\u0301-Phases-II-III-VF-29-mars-FINALE.pdf\">Lire l\u2019article complet<\/a>\n        <\/div>\n    <\/article>\n<\/div><\/div>            <\/div>\n\n            <div>\n                <div class=\"facetwp-facet facetwp-facet-load_more_posts facetwp-type-pager\" data-name=\"load_more_posts\" data-type=\"pager\"><\/div>            <\/div>\n\n                    <\/div>\n    <\/div>\n\n","protected":false},"excerpt":{"rendered":"","protected":false},"author":1,"featured_media":0,"parent":0,"menu_order":0,"comment_status":"closed","ping_status":"closed","template":"post-page.php","meta":{"_acf_changed":false,"footnotes":""},"class_list":["post-265","page","type-page","status-publish","hentry"],"acf":[],"aioseo_notices":[],"_links":{"self":[{"href":"https:\/\/www.lagrandealliance.quebec\/fr\/wp-json\/wp\/v2\/pages\/265","targetHints":{"allow":["GET"]}}],"collection":[{"href":"https:\/\/www.lagrandealliance.quebec\/fr\/wp-json\/wp\/v2\/pages"}],"about":[{"href":"https:\/\/www.lagrandealliance.quebec\/fr\/wp-json\/wp\/v2\/types\/page"}],"author":[{"embeddable":true,"href":"https:\/\/www.lagrandealliance.quebec\/fr\/wp-json\/wp\/v2\/users\/1"}],"replies":[{"embeddable":true,"href":"https:\/\/www.lagrandealliance.quebec\/fr\/wp-json\/wp\/v2\/comments?post=265"}],"version-history":[{"count":0,"href":"https:\/\/www.lagrandealliance.quebec\/fr\/wp-json\/wp\/v2\/pages\/265\/revisions"}],"wp:attachment":[{"href":"https:\/\/www.lagrandealliance.quebec\/fr\/wp-json\/wp\/v2\/media?parent=265"}],"curies":[{"name":"wp","href":"https:\/\/api.w.org\/{rel}","templated":true}]}}