{"id":3275,"date":"2022-11-08T17:53:10","date_gmt":"2022-11-08T17:53:10","guid":{"rendered":"https:\/\/5066702284bff58ac48bf508912c4181\/?page_id=3275"},"modified":"2022-11-08T17:53:13","modified_gmt":"2022-11-08T17:53:13","slug":"inclure-les-communautes","status":"publish","type":"page","link":"https:\/\/www.lagrandealliance.quebec\/fr\/inclure-les-communautes\/","title":{"rendered":"Inclure les communaut\u00e9s"},"content":{"rendered":"\n<div class=\"banner-section\" style=\"background-image: url(https:\/\/www.lagrandealliance.quebec\/wp-content\/uploads\/2021\/01\/project-banner-min.jpg)\" tabindex=\"0\">\n    <div class=\"ctn-main\">\n        <div class=\"banner-inner\">\n                            <h1 style=\"text-align: center;\">Inclure les communaut\u00e9s<\/h1>\n                                        <div class=\"bottom-text\">\n                    UNE APPROCHE UNIQUE POUR \u00c9TUDIER LA FAISABILIT\u00c9                <\/div>\n                    <\/div>\n    <\/div>\n<\/div>\n\n\n<div class=\"-white-bg highlight-section\" tabindex=\"0\">\n    <div class=\"ctn-main\">\n        \n\n<p>L&rsquo;approche LGA implique les communaut\u00e9s d\u00e8s le d\u00e9but et consid\u00e8re les crit\u00e8res environnementaux et sociaux au m\u00eame niveau que les crit\u00e8res techniques et financiers. Les \u00e9tudes de faisabilit\u00e9 placent les communaut\u00e9s locales au centre du processus de d\u00e9veloppement. Cette m\u00e9thode de travail, initialement propos\u00e9e par la nation crie, s&rsquo;efforce de modifier le paradigme dominant en d\u00e9laissant les ressources naturelles comme leviers du d\u00e9veloppement r\u00e9gional au profit du d\u00e9veloppement communautaire. Le d\u00e9veloppement des ressources naturelles reste un \u00e9l\u00e9ment de cette \u00e9quation mais n&rsquo;en est plus le seul moteur.<\/p>\n\n\n\n<p>En ce sens, La Grande Alliance va au-del\u00e0 d&rsquo;un plan r\u00e9gional standard et propose plut\u00f4t un nouveau mod\u00e8le de collaboration entre les populations cries, qu\u00e9b\u00e9coises et jam\u00e9siennes pour le d\u00e9veloppement durable des ressources naturelles et de la r\u00e9gion, pour le bien de tous.<\/p>\n\n\n<div class=\"wp-block-image\">\n<figure class=\"aligncenter size-full\"><img loading=\"lazy\" decoding=\"async\" width=\"1970\" height=\"2049\" src=\"https:\/\/lagrandealliance.quebec\/wp-content\/uploads\/2022\/11\/Funnel-02-1-1.png\" alt=\"\" class=\"wp-image-3277\" srcset=\"https:\/\/www.lagrandealliance.quebec\/wp-content\/uploads\/2022\/11\/Funnel-02-1-1.png 1970w, https:\/\/www.lagrandealliance.quebec\/wp-content\/uploads\/2022\/11\/Funnel-02-1-1-288x300.png 288w, https:\/\/www.lagrandealliance.quebec\/wp-content\/uploads\/2022\/11\/Funnel-02-1-1-985x1024.png 985w, https:\/\/www.lagrandealliance.quebec\/wp-content\/uploads\/2022\/11\/Funnel-02-1-1-768x799.png 768w, https:\/\/www.lagrandealliance.quebec\/wp-content\/uploads\/2022\/11\/Funnel-02-1-1-1477x1536.png 1477w, https:\/\/www.lagrandealliance.quebec\/wp-content\/uploads\/2022\/11\/Funnel-02-1-1-865x900.png 865w\" sizes=\"auto, (max-width: 1970px) 100vw, 1970px\" \/><\/figure>\n<\/div>\n\n    <\/div>\n<\/div>","protected":false},"excerpt":{"rendered":"","protected":false},"author":1,"featured_media":0,"parent":0,"menu_order":0,"comment_status":"closed","ping_status":"closed","template":"","meta":{"_acf_changed":false,"footnotes":""},"class_list":["post-3275","page","type-page","status-publish","hentry"],"acf":[],"aioseo_notices":[],"_links":{"self":[{"href":"https:\/\/www.lagrandealliance.quebec\/fr\/wp-json\/wp\/v2\/pages\/3275","targetHints":{"allow":["GET"]}}],"collection":[{"href":"https:\/\/www.lagrandealliance.quebec\/fr\/wp-json\/wp\/v2\/pages"}],"about":[{"href":"https:\/\/www.lagrandealliance.quebec\/fr\/wp-json\/wp\/v2\/types\/page"}],"author":[{"embeddable":true,"href":"https:\/\/www.lagrandealliance.quebec\/fr\/wp-json\/wp\/v2\/users\/1"}],"replies":[{"embeddable":true,"href":"https:\/\/www.lagrandealliance.quebec\/fr\/wp-json\/wp\/v2\/comments?post=3275"}],"version-history":[{"count":0,"href":"https:\/\/www.lagrandealliance.quebec\/fr\/wp-json\/wp\/v2\/pages\/3275\/revisions"}],"wp:attachment":[{"href":"https:\/\/www.lagrandealliance.quebec\/fr\/wp-json\/wp\/v2\/media?parent=3275"}],"curies":[{"name":"wp","href":"https:\/\/api.w.org\/{rel}","templated":true}]}}